{"id":98,"date":"2020-06-19T16:12:40","date_gmt":"2020-06-19T16:12:40","guid":{"rendered":"http:\/\/www.darcekbodka.sk\/?post_type=product&#038;p=98"},"modified":"2025-06-08T05:29:39","modified_gmt":"2025-06-08T05:29:39","slug":"jumbo","status":"publish","type":"product","link":"http:\/\/www.darcekbodka.sk\/?product=jumbo","title":{"rendered":"088 &#8211; hrn\u010dek jumbo mal\u00fd na \u010daj"},"content":{"rendered":"","protected":false},"excerpt":{"rendered":"<p>7,5&#215;11,50 \u2013 3,8 dl<\/p>\n","protected":false},"featured_media":252,"template":"","meta":{"ngg_post_thumbnail":0},"product_cat":[19],"product_tag":[],"_links":{"self":[{"href":"http:\/\/www.darcekbodka.sk\/index.php?rest_route=\/wp\/v2\/product\/98"}],"collection":[{"href":"http:\/\/www.darcekbodka.sk\/index.php?rest_route=\/wp\/v2\/product"}],"about":[{"href":"http:\/\/www.darcekbodka.sk\/index.php?rest_route=\/wp\/v2\/types\/product"}],"wp:featuredmedia":[{"embeddable":true,"href":"http:\/\/www.darcekbodka.sk\/index.php?rest_route=\/wp\/v2\/media\/252"}],"wp:attachment":[{"href":"http:\/\/www.darcekbodka.sk\/index.php?rest_route=%2Fwp%2Fv2%2Fmedia&parent=98"}],"wp:term":[{"taxonomy":"product_cat","embeddable":true,"href":"http:\/\/www.darcekbodka.sk\/index.php?rest_route=%2Fwp%2Fv2%2Fproduct_cat&post=98"},{"taxonomy":"product_tag","embeddable":true,"href":"http:\/\/www.darcekbodka.sk\/index.php?rest_route=%2Fwp%2Fv2%2Fproduct_tag&post=98"}],"curies":[{"name":"wp","href":"https:\/\/api.w.org\/{rel}","templated":true}]}}