{"id":404,"date":"2021-08-18T11:49:04","date_gmt":"2021-08-18T11:49:04","guid":{"rendered":"http:\/\/www.darcekbodka.sk\/?post_type=product&#038;p=404"},"modified":"2025-06-08T04:51:58","modified_gmt":"2025-06-08T04:51:58","slug":"podsalka-12cm","status":"publish","type":"product","link":"http:\/\/www.darcekbodka.sk\/?product=podsalka-12cm","title":{"rendered":"Pod\u0161\u00e1lka 12cm"},"content":{"rendered":"","protected":false},"excerpt":{"rendered":"<h5>K\u00f3d: K0053<\/h5>\n<h5>Priemer: 12 cm<\/h5>\n","protected":false},"featured_media":406,"template":"","meta":{"ngg_post_thumbnail":0},"product_cat":[18,25],"product_tag":[],"_links":{"self":[{"href":"http:\/\/www.darcekbodka.sk\/index.php?rest_route=\/wp\/v2\/product\/404"}],"collection":[{"href":"http:\/\/www.darcekbodka.sk\/index.php?rest_route=\/wp\/v2\/product"}],"about":[{"href":"http:\/\/www.darcekbodka.sk\/index.php?rest_route=\/wp\/v2\/types\/product"}],"wp:featuredmedia":[{"embeddable":true,"href":"http:\/\/www.darcekbodka.sk\/index.php?rest_route=\/wp\/v2\/media\/406"}],"wp:attachment":[{"href":"http:\/\/www.darcekbodka.sk\/index.php?rest_route=%2Fwp%2Fv2%2Fmedia&parent=404"}],"wp:term":[{"taxonomy":"product_cat","embeddable":true,"href":"http:\/\/www.darcekbodka.sk\/index.php?rest_route=%2Fwp%2Fv2%2Fproduct_cat&post=404"},{"taxonomy":"product_tag","embeddable":true,"href":"http:\/\/www.darcekbodka.sk\/index.php?rest_route=%2Fwp%2Fv2%2Fproduct_tag&post=404"}],"curies":[{"name":"wp","href":"https:\/\/api.w.org\/{rel}","templated":true}]}}