{"id":112,"date":"2020-07-01T20:54:10","date_gmt":"2020-07-01T20:54:10","guid":{"rendered":"http:\/\/www.darcekbodka.sk\/?post_type=product&#038;p=112"},"modified":"2025-06-08T05:24:55","modified_gmt":"2025-06-08T05:24:55","slug":"salka-na-kavu-velka-mokka","status":"publish","type":"product","link":"http:\/\/www.darcekbodka.sk\/?product=salka-na-kavu-velka-mokka","title":{"rendered":"\u0160\u00e1lka na k\u00e1vu &#8211; mokka"},"content":{"rendered":"","protected":false},"excerpt":{"rendered":"<h5>K\u00f3d: K0054<\/h5>\n<h5>Rozmer: 6,5 x 7,5 cm<\/h5>\n<h5>Objem: 1,0 dl<\/h5>\n","protected":false},"featured_media":412,"template":"","meta":{"ngg_post_thumbnail":0},"product_cat":[18,25],"product_tag":[],"_links":{"self":[{"href":"http:\/\/www.darcekbodka.sk\/index.php?rest_route=\/wp\/v2\/product\/112"}],"collection":[{"href":"http:\/\/www.darcekbodka.sk\/index.php?rest_route=\/wp\/v2\/product"}],"about":[{"href":"http:\/\/www.darcekbodka.sk\/index.php?rest_route=\/wp\/v2\/types\/product"}],"wp:featuredmedia":[{"embeddable":true,"href":"http:\/\/www.darcekbodka.sk\/index.php?rest_route=\/wp\/v2\/media\/412"}],"wp:attachment":[{"href":"http:\/\/www.darcekbodka.sk\/index.php?rest_route=%2Fwp%2Fv2%2Fmedia&parent=112"}],"wp:term":[{"taxonomy":"product_cat","embeddable":true,"href":"http:\/\/www.darcekbodka.sk\/index.php?rest_route=%2Fwp%2Fv2%2Fproduct_cat&post=112"},{"taxonomy":"product_tag","embeddable":true,"href":"http:\/\/www.darcekbodka.sk\/index.php?rest_route=%2Fwp%2Fv2%2Fproduct_tag&post=112"}],"curies":[{"name":"wp","href":"https:\/\/api.w.org\/{rel}","templated":true}]}}